{"id":693,"date":"2024-09-18T16:51:26","date_gmt":"2024-09-18T14:51:26","guid":{"rendered":"https:\/\/www.antecedo.eu\/?page_id=693"},"modified":"2024-10-12T13:45:05","modified_gmt":"2024-10-12T11:45:05","slug":"publikationen","status":"publish","type":"page","link":"https:\/\/www.antecedo.eu\/en\/inisghts\/publikationen\/","title":{"rendered":"Publikationen"},"content":{"rendered":"<div data-elementor-type=\"wp-page\" data-elementor-id=\"693\" class=\"elementor elementor-693\" data-elementor-post-type=\"page\">\n\t\t\t\t<div class=\"elementor-element elementor-element-c40e014 e-flex e-con-boxed e-con e-parent\" data-id=\"c40e014\" data-element_type=\"container\" data-e-type=\"container\" data-settings=\"{&quot;background_background&quot;:&quot;classic&quot;}\">\n\t\t\t\t\t<div class=\"e-con-inner\">\n\t\t\t\t<div class=\"elementor-element elementor-element-665d92a elementor-widget elementor-widget-heading\" data-id=\"665d92a\" data-element_type=\"widget\" data-e-type=\"widget\" data-widget_type=\"heading.default\">\n\t\t\t\t<div class=\"elementor-widget-container\">\n\t\t\t\t\t<h2 class=\"elementor-heading-title elementor-size-default\">Publikationen<\/h2>\t\t\t\t<\/div>\n\t\t\t\t<\/div>\n\t\t<div class=\"elementor-element elementor-element-471a173 e-con-full e-flex e-con e-child\" data-id=\"471a173\" data-element_type=\"container\" data-e-type=\"container\">\n\t\t\t\t<\/div>\n\t\t\t\t\t<\/div>\n\t\t\t\t<\/div>\n\t\t<div class=\"elementor-element elementor-element-c655f67 e-flex e-con-boxed e-con e-parent\" data-id=\"c655f67\" data-element_type=\"container\" data-e-type=\"container\" data-settings=\"{&quot;background_background&quot;:&quot;classic&quot;}\">\n\t\t\t\t\t<div class=\"e-con-inner\">\n\t\t\t\t<div class=\"elementor-element elementor-element-bdbc2f0 uael-post__link-complete-yes uael-equal__height-yes uael-post__filter-align-center elementor-widget elementor-widget-uael-posts\" data-id=\"bdbc2f0\" data-element_type=\"widget\" data-e-type=\"widget\" data-settings=\"{&quot;classic_show_filters&quot;:&quot;yes&quot;,&quot;classic_slides_to_show&quot;:3,&quot;classic_slides_to_show_tablet&quot;:2,&quot;classic_slides_to_show_mobile&quot;:1}\" data-widget_type=\"uael-posts.classic\">\n\t\t\t\t<div class=\"elementor-widget-container\">\n\t\t\t\t\t\t\t<div class=\"uael-post__header\">\n\t\t\t\t\t<div class=\"uael-post__header-filters-wrap uael-posts-tabs-dropdown\">\n\t\t\t<ul class=\"uael-post__header-filters\" aria-label=\"Taxonomy Filter\">\n\t\t\t\t<li class=\"uael-post__header-filter uael-filter__current\" data-filter=\"*\">Alle Beitr\u00e4ge<\/li>\n\t\t\t\t\t\t\t\t<li class=\"uael-post__header-filter\" data-filter=\".newsletter\" tabindex=\"0\">Newsletter<\/li>\n\t\t\t\t\t\t\t<\/ul>\n\n\t\t\t\t\t\t\t<div class=\"uael-filters-dropdown\">\n\t\t\t\t\t<div class=\"uael-filters-dropdown-button\">Alle Beitr\u00e4ge<i class=\"fa fa-angle-down\"><\/i><\/div>\n\n\t\t\t\t\t<ul class=\"uael-filters-dropdown-list uael-post__header-filters\">\n\t\t\t\t\t\t<li class=\"uael-filters-dropdown-item uael-post__header-filter uael-filter__current\" data-filter=\"*\">Alle Beitr\u00e4ge<\/li>\n\t\t\t\t\t\t\t\t\t\t\t\t<li class=\"uael-filters-dropdown-item uael-post__header-filter\" data-filter=\".newsletter\">Newsletter<\/li>\n\t\t\t\t\t\t\t\t\t\t\t<\/ul>\n\t\t\t\t<\/div>\n\t\t\t\t\t<\/div>\n\t\t\t\t<\/div>\n\t\t<div class=\"uael-post__body\">\n\t\t\t\n\t\t\n\t\t<div class=\"uael-blog-terms-position-above_content uael-post-image-background uael-post-grid uael-posts\" data-query-type=\"custom\" data-structure=\"normal\" data-layout=\"\" data-page=\"693\" data-skin=\"classic\" data-filter-default=\"Alle Beitr\u00e4ge\" data-offset-top=\"30\" >\n\n\t\t\t\t\t\t\t<div class=\"uael-post-grid__inner uael-post__columns-3 uael-post__columns-tablet-2 uael-post__columns-mobile-1\">\n\t\t\t\n<div class=\"uael-post-wrapper newsletter  publikationen\">\n\t<div class=\"uael-post__bg-wrap uael-bg-wrap-disabled\">\n\n\t\t\t\t\t<a href=\"https:\/\/www.antecedo.eu\/en\/all-in\/\" target=\"_self\" class=\"uael-post__complete-box-overlay\" aria-label=\"Link Complete Box\"><\/a>\n\t\t\t\t\n\t\t<div class=\"uael-post__inner-wrap uael-inner-wrap-disabled\">\n\n\t\t\t\t<div class=\"uael-post__thumbnail\">\n\t\t\t\n\t\t\t<a href=\"https:\/\/www.antecedo.eu\/en\/all-in\/\" target=\"_self\" title=\"ALL IN!\"><img fetchpriority=\"high\" decoding=\"async\" width=\"724\" height=\"483\" src=\"https:\/\/www.antecedo.eu\/wp-content\/uploads\/2025\/12\/iStock-2211575723-1.jpg\" class=\"attachment-full size-full wp-image-1628\" alt=\"\" srcset=\"https:\/\/www.antecedo.eu\/wp-content\/uploads\/2025\/12\/iStock-2211575723-1.jpg 724w, https:\/\/www.antecedo.eu\/wp-content\/uploads\/2025\/12\/iStock-2211575723-1-300x200.jpg 300w, https:\/\/www.antecedo.eu\/wp-content\/uploads\/2025\/12\/iStock-2211575723-1-18x12.jpg 18w\" sizes=\"(max-width: 724px) 100vw, 724px\" \/><\/a>\n\t\t\t\t\t<\/div>\n\t\t\n\t\t\t\n\t\t\t<div class=\"uael-post__content-wrap uael-content-wrap-disabled\">\n\t\t\t\t\t\t\t<div class=\"uael-post__terms-wrap\"><span class=\"uael-post__terms\"><a href=\"https:\/\/www.antecedo.eu\/en\/tag\/newsletter\/\" class=\"uael-listing__terms-link\" id=\"uael-post-term-newsletter\" aria-labelledby=\"uael-post-term-newsletter\">Newsletter<\/a><\/span><\/div>\n\t\t\t\t\t\t<h3 class=\"uael-post__title\">\n\n\t\t\n\t\t\t\t\t\t<a href=\"https:\/\/www.antecedo.eu\/en\/all-in\/\" target=\"_self\">\n\t\t\t\tALL IN!\t\t\t<\/a>\n\n\t\t\t\t<\/h3>\n\t\t\t\t\t<div class=\"uael-post__meta-data\">\n\t\t\t\t\t<span class=\"uael-post__date\">\n\t\t\t\t\t\t\t\t\t\t\t\t\t\t\t\t\t\t\t\t\t\t\n\t\t\t16. December 2025\t\t<\/span>\n\t\t\t\t<\/div>\n\t\t\t\t\t<\/div>\n\t\t\t\n\t\t<\/div>\n\t\t\n\t<\/div>\n\n<\/div>\n\n<div class=\"uael-post-wrapper   publikationen\">\n\t<div class=\"uael-post__bg-wrap uael-bg-wrap-disabled\">\n\n\t\t\t\t\t<a href=\"https:\/\/www.instagram.com\/antecedo.asset.management\/\" target=\"_self\" class=\"uael-post__complete-box-overlay\" aria-label=\"Link Complete Box\"><\/a>\n\t\t\t\t\n\t\t<div class=\"uael-post__inner-wrap uael-inner-wrap-disabled\">\n\n\t\t\t\t<div class=\"uael-post__thumbnail\">\n\t\t\t\n\t\t\t<a href=\"https:\/\/www.instagram.com\/antecedo.asset.management\/\" target=\"_self\" title=\"Antecedo hat jetzt einen offiziellen Instagram Account\"><img decoding=\"async\" width=\"640\" height=\"640\" src=\"https:\/\/www.antecedo.eu\/wp-content\/uploads\/2025\/11\/instagram-2815919_640.jpg\" class=\"attachment-full size-full wp-image-1595\" alt=\"\" srcset=\"https:\/\/www.antecedo.eu\/wp-content\/uploads\/2025\/11\/instagram-2815919_640.jpg 640w, https:\/\/www.antecedo.eu\/wp-content\/uploads\/2025\/11\/instagram-2815919_640-300x300.jpg 300w, https:\/\/www.antecedo.eu\/wp-content\/uploads\/2025\/11\/instagram-2815919_640-150x150.jpg 150w, https:\/\/www.antecedo.eu\/wp-content\/uploads\/2025\/11\/instagram-2815919_640-12x12.jpg 12w\" sizes=\"(max-width: 640px) 100vw, 640px\" \/><\/a>\n\t\t\t\t\t<\/div>\n\t\t\n\t\t\t\n\t\t\t<div class=\"uael-post__content-wrap uael-content-wrap-disabled\">\n\t\t\t\t\t\t\t<div class=\"uael-post__terms-wrap\"><\/div>\n\t\t\t\t\t\t<h3 class=\"uael-post__title\">\n\n\t\t\n\t\t\t\t\t\t<a href=\"https:\/\/www.instagram.com\/antecedo.asset.management\/\" target=\"_self\">\n\t\t\t\tAntecedo hat jetzt einen offiziellen Instagram Account\t\t\t<\/a>\n\n\t\t\t\t<\/h3>\n\t\t\t\t\t<div class=\"uael-post__meta-data\">\n\t\t\t\t\t<span class=\"uael-post__date\">\n\t\t\t\t\t\t\t\t\t\t\t\t\t\t\t\t\t\t\t\t\t\t\n\t\t\t26. November 2025\t\t<\/span>\n\t\t\t\t<\/div>\n\t\t\t\t\t<\/div>\n\t\t\t\n\t\t<\/div>\n\t\t\n\t<\/div>\n\n<\/div>\n\n<div class=\"uael-post-wrapper newsletter  publikationen\">\n\t<div class=\"uael-post__bg-wrap uael-bg-wrap-disabled\">\n\n\t\t\t\t\t<a href=\"https:\/\/www.antecedo.eu\/en\/zeugnisausgabe-antecedo-growth-supreme\/\" target=\"_self\" class=\"uael-post__complete-box-overlay\" aria-label=\"Link Complete Box\"><\/a>\n\t\t\t\t\n\t\t<div class=\"uael-post__inner-wrap uael-inner-wrap-disabled\">\n\n\t\t\t\t<div class=\"uael-post__thumbnail\">\n\t\t\t\n\t\t\t<a href=\"https:\/\/www.antecedo.eu\/en\/zeugnisausgabe-antecedo-growth-supreme\/\" target=\"_self\" title=\"ZEUGNISAUSGABE: ANTECEDO GROWTH SUPREME\"><img decoding=\"async\" width=\"397\" height=\"226\" src=\"https:\/\/www.antecedo.eu\/wp-content\/uploads\/2024\/10\/image-6.png\" class=\"attachment-full size-full wp-image-1226\" alt=\"\" srcset=\"https:\/\/www.antecedo.eu\/wp-content\/uploads\/2024\/10\/image-6.png 397w, https:\/\/www.antecedo.eu\/wp-content\/uploads\/2024\/10\/image-6-300x171.png 300w, https:\/\/www.antecedo.eu\/wp-content\/uploads\/2024\/10\/image-6-18x10.png 18w\" sizes=\"(max-width: 397px) 100vw, 397px\" \/><\/a>\n\t\t\t\t\t<\/div>\n\t\t\n\t\t\t\n\t\t\t<div class=\"uael-post__content-wrap uael-content-wrap-disabled\">\n\t\t\t\t\t\t\t<div class=\"uael-post__terms-wrap\"><span class=\"uael-post__terms\"><a href=\"https:\/\/www.antecedo.eu\/en\/tag\/newsletter\/\" class=\"uael-listing__terms-link\" id=\"uael-post-term-newsletter\" aria-labelledby=\"uael-post-term-newsletter\">Newsletter<\/a><\/span><\/div>\n\t\t\t\t\t\t<h3 class=\"uael-post__title\">\n\n\t\t\n\t\t\t\t\t\t<a href=\"https:\/\/www.antecedo.eu\/en\/zeugnisausgabe-antecedo-growth-supreme\/\" target=\"_self\">\n\t\t\t\tZEUGNISAUSGABE: ANTECEDO GROWTH SUPREME\t\t\t<\/a>\n\n\t\t\t\t<\/h3>\n\t\t\t\t\t<div class=\"uael-post__meta-data\">\n\t\t\t\t\t<span class=\"uael-post__date\">\n\t\t\t\t\t\t\t\t\t\t\t\t\t\t\t\t\t\t\t\t\t\t\n\t\t\t21. May 2025\t\t<\/span>\n\t\t\t\t<\/div>\n\t\t\t\t\t<\/div>\n\t\t\t\n\t\t<\/div>\n\t\t\n\t<\/div>\n\n<\/div>\n\t\t\t\t<\/div>\n\t\t\t\t\t\t\n\t\t<\/div>\n\n\t\t\t\t\t\t<\/div>\n\t\t<div class=\"uael-post__footer\">\n\t\t\t\t\t<\/div>\n\t\t\t\t\t\t<\/div>\n\t\t\t\t<\/div>\n\t\t\t\t\t<\/div>\n\t\t\t\t<\/div>\n\t\t\t\t<\/div>","protected":false},"excerpt":{"rendered":"<p>Publikationen Alle Beitr\u00e4ge Newsletter Alle Beitr\u00e4ge Alle Beitr\u00e4ge Newsletter Kapitalmarktausblick 2024 13. Dezember 2023 Historische Analyse Aktienrisiken 16. November 2023 Newsletter Newsletter Oktober 2023 19. Oktober 2023<\/p>","protected":false},"author":1,"featured_media":0,"parent":633,"menu_order":0,"comment_status":"closed","ping_status":"closed","template":"elementor_header_footer","meta":{"footnotes":""},"class_list":["post-693","page","type-page","status-publish","hentry"],"_links":{"self":[{"href":"https:\/\/www.antecedo.eu\/en\/wp-json\/wp\/v2\/pages\/693","targetHints":{"allow":["GET"]}}],"collection":[{"href":"https:\/\/www.antecedo.eu\/en\/wp-json\/wp\/v2\/pages"}],"about":[{"href":"https:\/\/www.antecedo.eu\/en\/wp-json\/wp\/v2\/types\/page"}],"author":[{"embeddable":true,"href":"https:\/\/www.antecedo.eu\/en\/wp-json\/wp\/v2\/users\/1"}],"replies":[{"embeddable":true,"href":"https:\/\/www.antecedo.eu\/en\/wp-json\/wp\/v2\/comments?post=693"}],"version-history":[{"count":10,"href":"https:\/\/www.antecedo.eu\/en\/wp-json\/wp\/v2\/pages\/693\/revisions"}],"predecessor-version":[{"id":1094,"href":"https:\/\/www.antecedo.eu\/en\/wp-json\/wp\/v2\/pages\/693\/revisions\/1094"}],"up":[{"embeddable":true,"href":"https:\/\/www.antecedo.eu\/en\/wp-json\/wp\/v2\/pages\/633"}],"wp:attachment":[{"href":"https:\/\/www.antecedo.eu\/en\/wp-json\/wp\/v2\/media?parent=693"}],"curies":[{"name":"wp","href":"https:\/\/api.w.org\/{rel}","templated":true}]}}