{"id":913,"date":"2024-10-07T12:17:01","date_gmt":"2024-10-07T10:17:01","guid":{"rendered":"https:\/\/www.antecedo.eu\/?page_id=913"},"modified":"2024-10-07T17:19:33","modified_gmt":"2024-10-07T15:19:33","slug":"datenschutz","status":"publish","type":"page","link":"https:\/\/www.antecedo.eu\/en\/datenschutz\/","title":{"rendered":"Datenschutz"},"content":{"rendered":"<div data-elementor-type=\"wp-page\" data-elementor-id=\"913\" class=\"elementor elementor-913\" data-elementor-post-type=\"page\">\n\t\t\t\t<div class=\"elementor-element elementor-element-8c91cef e-flex e-con-boxed e-con e-parent\" data-id=\"8c91cef\" data-element_type=\"container\" data-e-type=\"container\" data-settings=\"{&quot;background_background&quot;:&quot;classic&quot;}\">\n\t\t\t\t\t<div class=\"e-con-inner\">\n\t\t\t\t<div class=\"elementor-element elementor-element-22e6dd7 elementor-widget elementor-widget-heading\" data-id=\"22e6dd7\" data-element_type=\"widget\" data-e-type=\"widget\" data-widget_type=\"heading.default\">\n\t\t\t\t<div class=\"elementor-widget-container\">\n\t\t\t\t\t<h2 class=\"elementor-heading-title elementor-size-default\">Datenschutz<\/h2>\t\t\t\t<\/div>\n\t\t\t\t<\/div>\n\t\t<div class=\"elementor-element elementor-element-23ee72c e-con-full e-flex e-con e-child\" data-id=\"23ee72c\" data-element_type=\"container\" data-e-type=\"container\">\n\t\t\t\t<div class=\"elementor-element elementor-element-ef0e4e2 elementor-widget elementor-widget-button\" data-id=\"ef0e4e2\" data-element_type=\"widget\" data-e-type=\"widget\" data-widget_type=\"button.default\">\n\t\t\t\t<div class=\"elementor-widget-container\">\n\t\t\t\t\t\t\t\t\t<div class=\"elementor-button-wrapper\">\n\t\t\t\t\t<a class=\"elementor-button elementor-button-link elementor-size-sm\" href=\"https:\/\/antecedo.preview-dhp.com\/impressum\/\">\n\t\t\t\t\t\t<span class=\"elementor-button-content-wrapper\">\n\t\t\t\t\t\t\t\t\t<span class=\"elementor-button-text\">Impressum<\/span>\n\t\t\t\t\t<\/span>\n\t\t\t\t\t<\/a>\n\t\t\t\t<\/div>\n\t\t\t\t\t\t\t\t<\/div>\n\t\t\t\t<\/div>\n\t\t\t\t<div class=\"elementor-element elementor-element-9eea50a elementor-widget elementor-widget-button\" data-id=\"9eea50a\" data-element_type=\"widget\" data-e-type=\"widget\" data-widget_type=\"button.default\">\n\t\t\t\t<div class=\"elementor-widget-container\">\n\t\t\t\t\t\t\t\t\t<div class=\"elementor-button-wrapper\">\n\t\t\t\t\t<a class=\"elementor-button elementor-button-link elementor-size-sm\" href=\"https:\/\/antecedo.preview-dhp.com\/rechtliche-hinweise\/\">\n\t\t\t\t\t\t<span class=\"elementor-button-content-wrapper\">\n\t\t\t\t\t\t\t\t\t<span class=\"elementor-button-text\">Rechtliche Hinweise<\/span>\n\t\t\t\t\t<\/span>\n\t\t\t\t\t<\/a>\n\t\t\t\t<\/div>\n\t\t\t\t\t\t\t\t<\/div>\n\t\t\t\t<\/div>\n\t\t\t\t<\/div>\n\t\t\t\t\t<\/div>\n\t\t\t\t<\/div>\n\t\t<div class=\"elementor-element elementor-element-4b83886 e-flex e-con-boxed e-con e-parent\" data-id=\"4b83886\" data-element_type=\"container\" data-e-type=\"container\" data-settings=\"{&quot;background_background&quot;:&quot;classic&quot;}\">\n\t\t\t\t\t<div class=\"e-con-inner\">\n\t\t\t\t<div class=\"elementor-element elementor-element-b3cd87c elementor-widget elementor-widget-text-editor\" data-id=\"b3cd87c\" data-element_type=\"widget\" data-e-type=\"widget\" data-widget_type=\"text-editor.default\">\n\t\t\t\t<div class=\"elementor-widget-container\">\n\t\t\t\t\t\t\t\t\t<p><strong>Allgemeines<\/strong><\/p><p>Antecedo nimmt den Schutz Ihrer pers\u00f6nlichen Daten sehr ernst. Die Verarbeitung personenbezogener Daten, beispielsweise des Namens, der Anschrift, E-Mail-Adresse oder Telefonnummer einer betroffenen Person, erfolgt bei Antecedo stets im Einklang mit der Europ\u00e4ischen Datenschutzgrundverordnung (DSGVO) und dem Bundesdatenschutzgesetz (BDSG).<\/p><p>S\u00e4mtliche personenbezogene Datenverarbeitungsvorg\u00e4nge (Erhebung, Verarbeitung und Nutzung) durch Antecedo erfolgen unter strikter Beachtung der gesetzlichen Datenschutzvorschriften. Wir erheben, verarbeiten und nutzen personenbezogene Daten um Internetangebote und Dienstleistungen auszuf\u00fchren und weiter zu verbessern sowie, nur soweit Sie hierin eingewilligt haben, f\u00fcr Newsletter zu versenden.<\/p><p>Mit dieser Datenschutzerkl\u00e4rung m\u00f6chten wir Sie \u00fcber den Umgang mit Ihren personenbezogenen Daten informieren. Sie gilt f\u00fcr die Erhebung, Verarbeitung und Nutzung von personenbezogenen Daten im Rahmen der Nutzung der Webseiten von Antecedo.<\/p><p>Nur mit Ihrer gesonderten Zustimmung zu dieser Datenschutzerkl\u00e4rung willigen Sie ein, dass die jeweilige verantwortliche Stelle die auf Ihren Webseiten erhobenen Daten f\u00fcr Zwecke der Werbung auf den Webseiten verwendet.<\/p><p><strong>Verantwortliche Stelle<\/strong><\/p><p>Verantwortliche Stelle im Sinne des DSGVO, des Bundesdatenschutzgesetz (&#8222;BDSG&#8220;) und sonstiger datenschutzrechtlicher Bestimmungen:<\/p><p>Antecedo Asset Management GmbH<\/p><p>Herr Dirk Bongers<br \/>Louisenstra\u00dfe 21<br \/>61348 Bad Homburg<\/p><p>Telefon: +49 (0)6172 9977 130<br \/>Telefax: +49 (0)6172 9977 1377<br \/>E-Mail:\u00a0\u00a0\u00a0<a href=\"mailto:info@antecedo.eu\">info@antecedo.eu<\/a><\/p><p>Weitere Einzelheiten zur verantwortlichen Stelle k\u00f6nnen Sie unserem Impressum entnehmen.<\/p><p><strong>Datenschutzbeauftragter<\/strong><\/p><p>Unseren Datenschutzbeauftragten k\u00f6nnen Sie unter der nachfolgenden Adresse erreichen und kontaktieren:<\/p><p>Antecedo Asset Management GmbH<\/p><div>Herrn Dirk Bongers<\/div><div>Louisenstra\u00dfe 21<\/div><div>61348 Bad Homburg<\/div><div>\u00a0<\/div><div>Telefon: +49 (0)6172 9977 130<br \/>Telefax: +49 (0)6172 9977 1377<br \/>E-Mail:\u00a0\u00a0\u00a0<a href=\"mailto:dirk.bongers@antecedo.eu\">dirk.bongers@antecedo.eu<\/a><\/div><p>\u00a0<\/p><p><strong>Verarbeitung personenbezogener Daten bei informatorischer Nutzung unserer Webseite<\/strong><\/p><p>Wenn Sie unsere Webseite aufrufen, ohne sich dabei zu registrieren oder uns auf andere Weise Informationen zukommen zu lassen (&#8222;Informatorische Nutzung&#8220;) erheben wir nur diejenigen personenbezogenen Daten, die Ihr Webbrowser an unseren Server \u00fcbermittelt. Wenn Sie unsere Webseite betrachten m\u00f6chten, erhebt unser Provider die folgenden Daten, die f\u00fcr uns technisch erforderlich sind, um Ihnen die Anzeige unserer Webseite zu erm\u00f6glichen und die Stabilit\u00e4t und Sicherheit zu gew\u00e4hrleisten:<\/p><ul><li>IP-Adresse<\/li><li>Datum und Uhrzeit der Anfrage<\/li><li>Zeitzonendifferenz zu GMT<\/li><li>Inhalt der Webseite<\/li><li>Zugriffsstatus (HTTP-Status)<\/li><li>\u00fcbertragene Datenmenge<\/li><li>Website, von der Sie auf unsere Website gelangt sind<\/li><li>Webbrowser<\/li><li>Betriebssystem<\/li><li>Sprache und Version des Browsers<\/li><\/ul><p>Die vorgenannten Daten werden ebenfalls in sog. Logfiles auf den Servern unseres Providers gespeichert. Eine Speicherung dieser Daten zusammen mit anderen personenbezogenen Daten von Ihnen findet nicht statt. Die Erhebung und vor\u00fcbergehende Speicherung der IP-Adresse ist notwendig, um die Darstellung unserer Webseite auf Ihrem Endger\u00e4t zu erm\u00f6glichen. Hierf\u00fcr muss Ihre IP-Adresse f\u00fcr die Dauer des Besuchs unserer Webseite gespeichert werden. Die Speicherung in Logfiles dient der Sicherstellung der Funktionsf\u00e4higkeit und Optimierung unserer Webseite sowie zur Sicherstellung der Sicherheit unserer informationstechnischen Systeme. Eine Auswertung dieser Daten zu Marketingzwecken findet nicht statt.<\/p><p>In den vorstehenden Zwecken liegt unser berechtigtes Interesse an der Datenverarbeitung.<\/p><p>Die vorstehenden Daten zur Bereitstellung unserer Website werden gel\u00f6scht, wenn die jeweilige Sitzung beendet ist. Die Erhebung der vorstehenden Daten zur Bereitstellung unserer Webseite und die Speicherung dieser Daten in Logfiles ist f\u00fcr den Betrieb unserer Website zwingend erforderlich. Es besteht keine Widerspruchsm\u00f6glichkeit.<\/p><p><strong>Kontaktformular<\/strong><\/p><p>Wenn Sie mit uns per E-Mail Kontakt aufnehmen, werden die von Ihnen an uns mit Ihrer E-Mail \u00fcbermittelten personenbezogenen Daten gespeichert. Zudem halten wir auf unserer Webseite ein Kontaktformular vor, mit dem Sie Kontakt zu uns aufnehmen k\u00f6nnen. Dabei werden die von Ihnen in die Eingabemaske eingegebenen Daten an uns \u00fcbermittelt und gespeichert.<\/p><ul><li>Firma<\/li><li>Anrede<\/li><li>Vorname<\/li><li>Name<\/li><li>E-Mailadresse<\/li><li>Telefon<\/li><\/ul><p>Zus\u00e4tzlich erfassen wir Ihre IP-Adresse und den Zeitpunkt der Absendung. Eine Weitergabe dieser Daten an Dritte erfolgt nicht. Die Daten werden ausschlie\u00dflich zur Beantwortung Ihrer Fragen verwendet.<\/p><p>Die Verarbeitung der vorstehenden personenbezogenen Daten dient allein zur Bearbeitung Ihrer Anfragen. Die Verarbeitung weiterer personenbezogener Daten, die durch die Verwendung des auf unserer Webseite vorgehaltenen Kontaktformulars anfallen, dienen zur Verhinderung des Missbrauchs sowie zur Sicherstellung der Sicherheit unserer informationstechnischen Systeme.<\/p><p>Hierin liegt auch unser berechtigtes Interesse an der Verarbeitung Ihrer personenbezogenen Daten.<\/p><p>Sie k\u00f6nnen die uns erteilte Einwilligung zur Verarbeitung Ihrer personenbezogenen Daten jederzeit widerrufen. Bei einer Kontaktaufnahme per E-Mail k\u00f6nnen Sie der Speicherung Ihrer personenbezogenen Daten jederzeit widersprechen. Wir weisen Sie darauf hin, dass in diesem Fall Ihre Anfrage nicht weiter bearbeitet werden kann. Den Widerruf oder den Widerspruch k\u00f6nnen Sie durch \u00dcbersendung einer E-Mail an unsere im Impressum angegebene E-Mailadresse erkl\u00e4ren.<\/p><p><strong>Newsletter<\/strong><\/p><p>Wenn Sie die auf unseren Internetseiten angebotenen Newsletters und sonstige Informationsmedien von Antecedo beziehen m\u00f6chten, ben\u00f6tigen wir von Ihnen eine E-Mail-Adresse sowie Informationen, welche uns die \u00dcberpr\u00fcfung gestatten, dass Sie der Inhaber der angegebenen E-Mail-Adresse und mit dem Empfang des Newsletters einverstanden sind.<\/p><p>Zur Gew\u00e4hrleistung einer einverst\u00e4ndlichen Newsletter-Versendung nutzen wir das sogenannte Double-Opt-in-Verfahren. Im Zuge dessen l\u00e4sst sich der potentielle Empf\u00e4nger in einen Verteiler aufnehmen. Anschlie\u00dfend erhalten Sie durch eine Best\u00e4tigungs-E-Mail die M\u00f6glichkeit, die Anmeldung rechtssicher zu best\u00e4tigen. Nur wenn die Best\u00e4tigung erfolgt, wird Ihre Adresse aktiv in den Verteiler aufgenommen.<\/p><p>Diese Daten verwenden wir ausschlie\u00dflich f\u00fcr den Versand der angeforderten Informationen und Angebote.<\/p><p>Als Newsletter-Software wird MailChimp verwendet. Ihre Daten werden dabei an die Rocket Science Group LLC, 675 Ponce De Leon Ave NE, Suite 5000, Atlanta, GA 30308 USA \u00fcbermittelt. Wir vertrauen auf die Zuverl\u00e4ssigkeit und die IT- sowie\u00a0Datensicherheit von MailChimp. MailChimp ist unter dem US-EU-Datenschutzabkommen \u201e<a href=\"https:\/\/www.privacyshield.gov\/participant?id=a2zt0000000TO6hAAG\" target=\"_blank\" rel=\"noopener\">Privacy Shield<\/a>\u201c zertifiziert und verpflichtet sich damit die EU-Datenschutzvorgaben einzuhalten. Des Weiteren haben wir mit MailChimp ein \u201e<a href=\"http:\/\/mailchimp.com\/legal\/forms\/data-processing-agreement\/\" target=\"_blank\" rel=\"noopener\">Data-Processing-Agreement<\/a>\u201c abgeschlossen. Dabei handelt es sich um einen Vertrag, in dem sich MailChimp dazu verpflichtet, die Daten unserer Nutzer zu sch\u00fctzen, entsprechend dessen Datenschutzbestimmungen in unserem Auftrag zu verarbeiten und insbesondere nicht an Dritte weiter zu geben. Die Datenschutzbestimmungen von MailChimp k\u00f6nnen Sie\u00a0<a href=\"http:\/\/mailchimp.com\/legal\/privacy\/\" target=\"_blank\" rel=\"noopener\">hier einsehen<\/a>.<\/p><p>Die Einwilligung in die Versendung der Newsletter k\u00f6nnen Sie jederzeit durch die Widerrufsm\u00f6glichkeit, die am Ende eines jeden Newsletters durch einen Link aufgezeigt wird, widerrufen.<\/p><p><strong>Sicherheit von Daten<\/strong><\/p><p>Zum Schutz der personenbezogenen Daten unserer Kunden benutzen wir ein sicheres Online-\u00dcbertragungsverfahren, die so genannte &#8222;Secure Socket Layer&#8220; (SSL)- \u00dcbertragung. Dieses \u00dcbertragungsverfahren wird von den meisten Browsern unterst\u00fctzt. Alle mit dieser sicheren Methode \u00fcbertragenen Informationen werden verschl\u00fcsselt, bevor sie gesendet werden. Ihre personenbezogenen Daten werden ausschlie\u00dflich auf durch Sicherheitstechnologien gesch\u00fctzte, dem Industriestandard entsprechenden (z. B. Firewalls, Passwortschutz, Zutrittskontrollen etc.) Rechenzentren und Rechnern verarbeitet.<\/p><p>Wir speichern personenbezogene Daten nur so lange, wie dies f\u00fcr die Zwecke, f\u00fcr die sie gewonnen wurden, notwendig ist oder um rechtlichen Anforderungen \u00fcber Berichterstattung oder Aufbewahrung von Dokumenten zu gen\u00fcgen.<\/p><p>Wir sichern s\u00e4mtliche Daten, soweit dies mit technisch und wirtschaftlich vertretbarem Aufwand m\u00f6glich ist, wirksam gegen unberechtigten Zugriff, Ver\u00e4nderung, Zerst\u00f6rung oder Verlust, unerlaubter \u00dcbermittlung, anderweitiger unerlaubter Verarbeitung und sonstigem Missbrauch.<\/p><p><strong>Auskunftsrecht sowie Berichtigung, L\u00f6schung und Sperrung<\/strong><\/p><p>Nach dem Bundesdatenschutzgesetz haben Sie ein Recht auf unentgeltliche Auskunft \u00fcber Ihre gespeicherten Daten sowie ggf. ein Recht auf Berichtigung, Sperrung oder L\u00f6schung dieser Daten. Ausgenommen hiervon bleiben Daten, deren Berichtigung, Sperrung oder L\u00f6schung gesetzliche, satzungsm\u00e4\u00dfige oder vertragliche Aufbewahrungsfristen entgegenstehen.<\/p><p>Wenn Sie Fragen zur Verwendung Ihrer Daten haben, richten Sie sich bitte an unseren Datenschutzbeauftragten (siehe oben).<\/p><p><strong>Cookies<\/strong><\/p><p>Die Internetseiten verwenden teilweise so genannte Cookies. Cookies richten auf Ihrem Rechner keinen Schaden an und enthalten keine Viren. Cookies dienen dazu, unser Angebot nutzerfreundlicher, effektiver und sicherer zu machen. Cookies sind kleine Textdateien, die auf Ihrem Rechner abgelegt werden und die Ihr Browser speichert.<\/p><p>Die meisten der von uns verwendeten Cookies sind so genannte \u201eSession-Cookies\u201c. Sie werden nach Ende Ihres Besuchs automatisch gel\u00f6scht. Andere Cookies bleiben auf Ihrem Endger\u00e4t gespeichert, bis Sie diese l\u00f6schen. Diese Cookies erm\u00f6glichen es uns, Ihren Browser beim n\u00e4chsten Besuch wiederzuerkennen.<\/p><p>Sie k\u00f6nnen Ihren Browser so einstellen, dass Sie \u00fcber das Setzen von Cookies informiert werden und Cookies nur im Einzelfall erlauben, die Annahme von Cookies f\u00fcr bestimmte F\u00e4lle oder generell ausschlie\u00dfen sowie das automatische L\u00f6schen der Cookies beim Schlie\u00dfen des Browser aktivieren. Bei der Deaktivierung von Cookies kann die Funktionalit\u00e4t dieser Website eingeschr\u00e4nkt sein.<\/p><p><strong>\u00dcbermittlung von erhobenen Daten an Dritte<\/strong><\/p><p>Um unsere Produkte, Internetangebote und Dienstleistungen weiter zu verbessern und bedarfsgerecht zu gestalten, erheben wir statistische Daten \u00fcber das Nutzerverhalten; personenbezogene Daten werden hierbei nicht, anonymisiert oder nur pseudonymisiert in \u00dcbereinstimmung mit den datenschutzrechtlichen Bestimmungen erhoben und ggf. \u00fcbermittelt. Wir verwenden hierf\u00fcr die nachfolgenden L\u00f6sungen und Technologien.<\/p><p><strong>Google Analytics<\/strong><\/p><p>Diese Website nutzt Funktionen des\u00a0 Webanalysedienstes Google Analytics. Anbieter ist die Google Inc. 1600 Amphitheatre Parkway Mountain View, CA 94043, USA. Google Analytics verwendet sog. &#8222;Cookies&#8220;. Das sind Textdateien, die auf Ihrem Computer gespeichert werden und die eine Analyse der Benutzung der Website durch Sie erm\u00f6glichen. Die durch den Cookie erzeugten Informationen \u00fcber Ihre Benutzung dieser Website werden in der Regel an einen Server von Google in den USA \u00fcbertragen und dort gespeichert.<\/p><p>Im Falle der Aktivierung der IP-Anonymisierung auf dieser Webseite wird Ihre IP-Adresse von Google jedoch innerhalb von Mitgliedstaaten der Europ\u00e4ischen Union oder in anderen Vertragsstaaten des Abkommens \u00fcber den Europ\u00e4ischen Wirtschaftsraum zuvor gek\u00fcrzt. Nur in Ausnahmef\u00e4llen wird die volle IP-Adresse an einen Server von Google in den USA \u00fcbertragen und dort gek\u00fcrzt. Im Auftrag des Betreibers dieser Website wird Google diese Informationen benutzen, um Ihre Nutzung der Website auszuwerten, um Reports \u00fcber die Websiteaktivit\u00e4ten zusammenzustellen und um weitere mit der Websitenutzung und der Internetnutzung verbundene Dienstleistungen gegen\u00fcber dem Websitebetreiber zu erbringen. Die im Rahmen von Google Analytics von Ihrem Browser \u00fcbermittelte IP-Adresse wird nicht mit anderen Daten von Google zusammengef\u00fchrt.<\/p><p>Sie k\u00f6nnen die Speicherung der Cookies durch eine entsprechende Einstellung Ihrer Browser-Software verhindern; wir weisen Sie jedoch darauf hin, dass Sie in diesem Fall gegebenenfalls nicht s\u00e4mtliche Funktionen dieser Website vollumf\u00e4nglich werden nutzen k\u00f6nnen. Sie k\u00f6nnen dar\u00fcber hinaus die Erfassung der durch das Cookie erzeugten und auf Ihre Nutzung der Website bezogenen Daten (inkl. Ihrer IP-Adresse) an Google sowie die Verarbeitung dieser Daten durch Google verhindern, indem sie das unter dem folgenden Link verf\u00fcgbare Browser-Plugin herunterladen und installieren:\u00a0<a href=\"http:\/\/tools.google.com\/dlpage\/gaoptout?hl=de\" target=\"_blank\" rel=\"noopener\">http:\/\/tools.google.com\/dlpage\/gaoptout?hl=de<\/a><\/p><p><strong>Google Maps<\/strong><\/p><p>Wir verwenden auf unserer Webseite das Angebot von &#8222;Google Maps&#8220;, einem Online-Kartendienst der Google Inc., 1600 Amphitheatre Parkway, Mountain View, CA 94043, USA (nachfolgend bezeichnet als: &#8222;Google&#8220;). Dadurch k\u00f6nnen wir Ihnen interaktive Karten direkt in der Webseite anzeigen und erm\u00f6glichen Ihnen die komfortable Nutzung der Karten-Funktion. Durch Ihren Besuch auf unserer Webseite erh\u00e4lt Google die Information, dass Sie die entsprechende Unterseite unserer Webseite aufgerufen haben. Dabei wird Ihre IP-Adresse \u00fcbermittelt. Dies erfolgt unabh\u00e4ngig davon, ob Google ein Nutzerkonto bereitstellt, \u00fcber das Sie eingeloggt sind, oder ob kein Nutzerkonto besteht. Wenn Sie bei Google eingeloggt sind, werden Ihre Daten direkt Ihrem Konto zugeordnet. Wenn Sie die Zuordnung mit Ihrem Profil bei Google nicht w\u00fcnschen, m\u00fcssen Sie sich vorab ausloggen. Google speichert Ihre Daten als Nutzungsprofile und nutzt sie f\u00fcr Zwecke der Werbung, Marktforschung und\/oder bedarfsgerechten Gestaltung der Webseite. Eine solche Auswertung erfolgt insbesondere (selbst f\u00fcr nicht eingeloggte Nutzer) zur Erbringung von bedarfsgerechter Werbung und um andere Nutzer \u00fcber Ihre Aktivit\u00e4ten auf unserer Webseite zu informieren.<\/p><p>Wir verwenden Google Maps, um Ihnen interaktive Karten von Google Maps anzeigen zu k\u00f6nnen und so Ihnen ein besseres Nutzungserlebnis unserer Webseite zu erm\u00f6glichen. Hierin liegt auch unser berechtigtes Interesse.<\/p><p>Ihnen steht ein Widerspruchsrecht zu gegen die Bildung dieser Nutzerprofile, wobei Sie sich hierf\u00fcr an Google wenden m\u00fcssen.<\/p><p>Google hat sich dem zwischen der Europ\u00e4ischen Union und den USA geschlossenen Privacy-Shield-Abkommen unterworfen und sich zertifiziert. Dadurch verpflichtet sich Google, die Standards und Vorschriften des europ\u00e4ischen Datenschutzrechts einzuhalten. N\u00e4here Informationen k\u00f6nnen Sie dem nachfolgend verlinkten Eintrag entnehmen:\u00a0<a href=\"https:\/\/www.privacyshield.gov\/participant?id=a2zt000000001L5AAI&amp;status=Active\" target=\"_blank\" rel=\"noopener\">https:\/\/www.privacyshield.gov\/participant?id=a2zt000000001L5AAI&amp;status=Active<\/a><\/p><p>Weitere Informationen zu Zweck und Umfang der Datenerhebung und ihrer Verarbeitung durch den Plug-in-Anbieter erhalten Sie in den Datenschutzerkl\u00e4rungen des Anbieters. Dort erhalten Sie auch weitere Informationen zu Ihren diesbez\u00fcglichen Rechten und Einstellungsm\u00f6glichkeiten zum Schutze Ihrer Privatsph\u00e4re:\u00a0<a href=\"http:\/\/www.google.de\/intl\/de\/policies\/privacy\" target=\"_blank\" rel=\"noopener\">http:\/\/www.google.de\/intl\/de\/policies\/privacy<\/a>.<\/p><p><strong>Hyperlinks zu anderen Websites<\/strong><\/p><p>Manche unserer Internetangebote enthalten Hyperlinks zu anderen Websites, die nicht von Antecedo betrieben werden. Wir \u00fcberwachen diese Websites nicht und sind weder f\u00fcr deren Inhalt noch deren Umgang mit pers\u00f6nlichen Daten verantwortlich.<\/p><p><strong>Beschwerderecht bei einer Aufsichtsbeh\u00f6rde<\/strong><\/p><p>Jede betroffene Person hat das Recht auf Beschwerde bei einer Aufsichtsbeh\u00f6rde, wenn sie der Ansicht ist, dass die Verarbeitung der sie betreffenden Daten gegen datenschutzrechtliche Bestimmungen verst\u00f6\u00dft. Das Beschwerderecht kann insbesondere bei einer Aufsichtsbeh\u00f6rde in dem Mitgliedstaat des Aufenthaltsorts der betroffenen Person oder des Orts des mutma\u00dflichen Versto\u00dfes geltend gemacht werden.<\/p><p><strong>\u00c4nderungen dieser Datenschutzerkl\u00e4rung<\/strong><\/p><p>Aufgrund aktueller Gegebenheiten, wie z. B. einer \u00c4nderung der einschl\u00e4gigen datenschutzrechtlichen Bestimmungen, werden wir &#8211; falls n\u00f6tig -, diese Datenschutzerkl\u00e4rung aktualisieren.<\/p><p>Stand der Erkl\u00e4rung: August 2021<\/p>\t\t\t\t\t\t\t\t<\/div>\n\t\t\t\t<\/div>\n\t\t\t\t\t<\/div>\n\t\t\t\t<\/div>\n\t\t\t\t<\/div>","protected":false},"excerpt":{"rendered":"<p>Datenschutz Impressum Rechtliche Hinweise Allgemeines Antecedo nimmt den Schutz Ihrer pers\u00f6nlichen Daten sehr ernst. Die Verarbeitung personenbezogener Daten, beispielsweise des Namens, der Anschrift, E-Mail-Adresse oder Telefonnummer einer betroffenen Person, erfolgt [&hellip;]<\/p>\n","protected":false},"author":1,"featured_media":0,"parent":0,"menu_order":0,"comment_status":"closed","ping_status":"closed","template":"elementor_header_footer","meta":{"footnotes":""},"class_list":["post-913","page","type-page","status-publish","hentry"],"_links":{"self":[{"href":"https:\/\/www.antecedo.eu\/en\/wp-json\/wp\/v2\/pages\/913","targetHints":{"allow":["GET"]}}],"collection":[{"href":"https:\/\/www.antecedo.eu\/en\/wp-json\/wp\/v2\/pages"}],"about":[{"href":"https:\/\/www.antecedo.eu\/en\/wp-json\/wp\/v2\/types\/page"}],"author":[{"embeddable":true,"href":"https:\/\/www.antecedo.eu\/en\/wp-json\/wp\/v2\/users\/1"}],"replies":[{"embeddable":true,"href":"https:\/\/www.antecedo.eu\/en\/wp-json\/wp\/v2\/comments?post=913"}],"version-history":[{"count":7,"href":"https:\/\/www.antecedo.eu\/en\/wp-json\/wp\/v2\/pages\/913\/revisions"}],"predecessor-version":[{"id":938,"href":"https:\/\/www.antecedo.eu\/en\/wp-json\/wp\/v2\/pages\/913\/revisions\/938"}],"wp:attachment":[{"href":"https:\/\/www.antecedo.eu\/en\/wp-json\/wp\/v2\/media?parent=913"}],"curies":[{"name":"wp","href":"https:\/\/api.w.org\/{rel}","templated":true}]}}